{"id":377,"date":"2021-05-06T10:08:10","date_gmt":"2021-05-06T03:08:10","guid":{"rendered":"https:\/\/mayphacaphenhapkhau.com\/?page_id=377"},"modified":"2021-05-13T23:20:10","modified_gmt":"2021-05-13T16:20:10","slug":"home-page","status":"publish","type":"page","link":"https:\/\/tannguyenvn.com\/","title":{"rendered":"C\u00c1C LO\u1ea0I M\u00c1Y PHA C\u00c0 PH\u00ca"},"content":{"rendered":"\t\t<div data-elementor-type=\"wp-page\" data-elementor-id=\"377\" class=\"elementor elementor-377\" data-elementor-settings=\"[]\">\n\t\t\t\t\t\t\t<div class=\"elementor-section-wrap\">\n\t\t\t\t\t\t\t<section class=\"elementor-section elementor-top-section elementor-element elementor-element-38460c16 elementor-section-boxed elementor-section-height-default elementor-section-height-default\" data-id=\"38460c16\" data-element_type=\"section\">\n\t\t\t\t\t\t<div class=\"elementor-container elementor-column-gap-default\">\n\t\t\t\t\t<div class=\"elementor-column elementor-col-100 elementor-top-column elementor-element elementor-element-3a1dfc19\" data-id=\"3a1dfc19\" data-element_type=\"column\">\n\t\t\t<div class=\"elementor-widget-wrap elementor-element-populated\">\n\t\t\t\t\t\t\t\t<div class=\"elementor-element elementor-element-1ddbc680 elementor-widget elementor-widget-text-editor\" data-id=\"1ddbc680\" data-element_type=\"widget\" data-widget_type=\"text-editor.default\">\n\t\t\t\t<div class=\"elementor-widget-container\">\n\t\t\t\t\t\t\t\t<!-- wp:paragraph -->\n<p>M\u00e1y pha c\u00e0 ph\u00ea nh\u1eadp kh\u1ea9u Italia<\/p>\n<!-- \/wp:paragraph -->\t\t\t\t\t\t<\/div>\n\t\t\t\t<\/div>\n\t\t\t\t\t<\/div>\n\t\t<\/div>\n\t\t\t\t\t\t\t<\/div>\n\t\t<\/section>\n\t\t\t\t<section class=\"elementor-section elementor-top-section elementor-element elementor-element-c42ab6c elementor-section-boxed elementor-section-height-default elementor-section-height-default\" data-id=\"c42ab6c\" data-element_type=\"section\">\n\t\t\t\t\t\t<div class=\"elementor-container elementor-column-gap-default\">\n\t\t\t\t\t<div class=\"elementor-column elementor-col-50 elementor-top-column elementor-element elementor-element-85532a6\" data-id=\"85532a6\" data-element_type=\"column\">\n\t\t\t<div class=\"elementor-widget-wrap elementor-element-populated\">\n\t\t\t\t\t\t\t\t<div class=\"elementor-element elementor-element-88b81b8 elementor-widget elementor-widget-heading\" data-id=\"88b81b8\" data-element_type=\"widget\" data-widget_type=\"heading.default\">\n\t\t\t\t<div class=\"elementor-widget-container\">\n\t\t\t<h2 class=\"elementor-heading-title elementor-size-default\"><a href=\"https:\/\/tannguyenvn.com\/index.php\/category\/may-pha-ca-phe\/may-pha-cafe-nuova-simonelli\/\">M\u00e1y pha c\u00e0 ph\u00ea Nuova Simonelli<\/a><\/h2>\t\t<\/div>\n\t\t\t\t<\/div>\n\t\t\t\t<div class=\"elementor-element elementor-element-d2a0e52 elementor-widget elementor-widget-image\" data-id=\"d2a0e52\" data-element_type=\"widget\" data-widget_type=\"image.default\">\n\t\t\t\t<div class=\"elementor-widget-container\">\n\t\t\t\t\t\t\t\t\t\t\t\t\t\t\t\t<a href=\"https:\/\/tannguyenvn.com\/index.php\/category\/may-pha-ca-phe\/may-pha-cafe-nuova-simonelli\/\">\n\t\t\t\t\t\t\t<img width=\"568\" height=\"402\" src=\"https:\/\/tannguyenvn.com\/wp-content\/uploads\/2021\/05\/may-pha-ca-phe-nuova-simonelli-appia-life-2.jpg\" class=\"attachment-medium_large size-medium_large\" alt=\"gi\u00e1 b\u00e1n m\u00e1y pha nouva simonelli Appia Life 2 group\" loading=\"lazy\" srcset=\"https:\/\/tannguyenvn.com\/wp-content\/uploads\/2021\/05\/may-pha-ca-phe-nuova-simonelli-appia-life-2.jpg 568w, https:\/\/tannguyenvn.com\/wp-content\/uploads\/2021\/05\/may-pha-ca-phe-nuova-simonelli-appia-life-2-300x212.jpg 300w\" sizes=\"100vw\" \/>\t\t\t\t\t\t\t\t<\/a>\n\t\t\t\t\t\t\t\t\t\t\t\t\t\t\t<\/div>\n\t\t\t\t<\/div>\n\t\t\t\t<div class=\"elementor-element elementor-element-0d9a59c elementor-widget elementor-widget-text-editor\" data-id=\"0d9a59c\" data-element_type=\"widget\" data-widget_type=\"text-editor.default\">\n\t\t\t\t<div class=\"elementor-widget-container\">\n\t\t\t\t\t\t\t\t<p>Simonelli l\u00e0 th\u01b0\u01a1ng hi\u1ec7u n\u1ed7i ti\u1ebfng c\u1ee7a \u00dd g\u1ed3m Simonelli Group v\u00e0 Victoria Arduino ra \u0111\u1eddi t\u1eeb n\u0103m 1905&#8230; <a title=\"m\u00e1y pha cafe Nuova Simonelli\" href=\"https:\/\/mayphacaphenhapkhau.com\/index.php\/may-pha-cafe-nuova-simonelli\/\" data-wplink-edit=\"true\">Chi ti\u1ebft<\/a><\/p>\t\t\t\t\t\t<\/div>\n\t\t\t\t<\/div>\n\t\t\t\t\t<\/div>\n\t\t<\/div>\n\t\t\t\t<div class=\"elementor-column elementor-col-50 elementor-top-column elementor-element elementor-element-caa19b1\" data-id=\"caa19b1\" data-element_type=\"column\">\n\t\t\t<div class=\"elementor-widget-wrap elementor-element-populated\">\n\t\t\t\t\t\t\t\t<div class=\"elementor-element elementor-element-d146f03 elementor-widget elementor-widget-heading\" data-id=\"d146f03\" data-element_type=\"widget\" data-widget_type=\"heading.default\">\n\t\t\t\t<div class=\"elementor-widget-container\">\n\t\t\t<h2 class=\"elementor-heading-title elementor-size-default\"><a href=\"https:\/\/tannguyenvn.com\/index.php\/category\/may-pha-ca-phe\/may-pha-cafe-casadio\/\">M\u00e1y pha c\u00e0 ph\u00ea Casadio Undici<br><br><\/a><\/h2>\t\t<\/div>\n\t\t\t\t<\/div>\n\t\t\t\t<div class=\"elementor-element elementor-element-9c2e28f elementor-widget elementor-widget-image\" data-id=\"9c2e28f\" data-element_type=\"widget\" data-widget_type=\"image.default\">\n\t\t\t\t<div class=\"elementor-widget-container\">\n\t\t\t\t\t\t\t\t\t\t\t\t\t\t\t\t<a href=\"https:\/\/tannguyenvn.com\/index.php\/category\/may-pha-ca-phe\/may-pha-cafe-casadio\/\">\n\t\t\t\t\t\t\t<img width=\"300\" height=\"223\" src=\"https:\/\/tannguyenvn.com\/wp-content\/uploads\/2021\/05\/casadio-undici-auto-2-group-trang-300x223.jpg\" class=\"attachment-medium size-medium\" alt=\"\" loading=\"lazy\" srcset=\"https:\/\/tannguyenvn.com\/wp-content\/uploads\/2021\/05\/casadio-undici-auto-2-group-trang-300x223.jpg 300w, https:\/\/tannguyenvn.com\/wp-content\/uploads\/2021\/05\/casadio-undici-auto-2-group-trang-1024x762.jpg 1024w, https:\/\/tannguyenvn.com\/wp-content\/uploads\/2021\/05\/casadio-undici-auto-2-group-trang-768x571.jpg 768w, https:\/\/tannguyenvn.com\/wp-content\/uploads\/2021\/05\/casadio-undici-auto-2-group-trang.jpg 1446w\" sizes=\"100vw\" \/>\t\t\t\t\t\t\t\t<\/a>\n\t\t\t\t\t\t\t\t\t\t\t\t\t\t\t<\/div>\n\t\t\t\t<\/div>\n\t\t\t\t<div class=\"elementor-element elementor-element-3665567 elementor-widget elementor-widget-text-editor\" data-id=\"3665567\" data-element_type=\"widget\" data-widget_type=\"text-editor.default\">\n\t\t\t\t<div class=\"elementor-widget-container\">\n\t\t\t\t\t\t\t\t<p>M\u00e1y pha c\u00e0 ph\u00ea Casadio l\u00e0 d\u00f2ng s\u1ea3n ph\u1ea9m c\u1ee7a th\u01b0\u01a1ng hi\u1ec7u n\u1ed7i ti\u1ebfng c\u1ee7a h\u00e3ng Gruppo Cimbali \u0111\u1ebfn te Italia. C\u00e1c m\u00e1y pha Casadio Undici A1 v\u00e0 A2 c\u00f3 danh s\u1ed1 l\u1edbn nh\u1ea5t t\u1ea1i Vi\u1ec7t nam&#8230; <a title=\"M\u00e1y pha cafe Casadio\" href=\"https:\/\/mayphacaphenhapkhau.com\/index.php\/may-pha-cafe-casadio\/\">Chi ti\u1ebft<\/a><\/p>\t\t\t\t\t\t<\/div>\n\t\t\t\t<\/div>\n\t\t\t\t\t<\/div>\n\t\t<\/div>\n\t\t\t\t\t\t\t<\/div>\n\t\t<\/section>\n\t\t\t\t<section class=\"elementor-section elementor-top-section elementor-element elementor-element-65bdcc2 elementor-section-boxed elementor-section-height-default elementor-section-height-default\" data-id=\"65bdcc2\" data-element_type=\"section\">\n\t\t\t\t\t\t<div class=\"elementor-container elementor-column-gap-default\">\n\t\t\t\t\t<div class=\"elementor-column elementor-col-100 elementor-top-column elementor-element elementor-element-355e15e\" data-id=\"355e15e\" data-element_type=\"column\">\n\t\t\t<div class=\"elementor-widget-wrap elementor-element-populated\">\n\t\t\t\t\t\t\t\t<div class=\"elementor-element elementor-element-65e28c6 elementor-widget-divider--separator-type-pattern elementor-widget-divider--view-line elementor-widget elementor-widget-divider\" data-id=\"65e28c6\" data-element_type=\"widget\" data-widget_type=\"divider.default\">\n\t\t\t\t<div class=\"elementor-widget-container\">\n\t\t\t\t\t<div class=\"elementor-divider\" style=\"--divider-pattern-url: url(&quot;data:image\/svg+xml,%3Csvg xmlns=&#039;http:\/\/www.w3.org\/2000\/svg&#039; preserveAspectRatio=&#039;none&#039; overflow=&#039;visible&#039; height=&#039;100%&#039; viewBox=&#039;0 0 20 16&#039; fill=&#039;none&#039; stroke=&#039;black&#039; stroke-width=&#039;4.1&#039; stroke-linecap=&#039;square&#039; stroke-miterlimit=&#039;10&#039;%3E%3Cg transform=&#039;translate(-12.000000, 0)&#039;%3E%3Cpath d=&#039;M28,0L10,18&#039;\/%3E%3Cpath d=&#039;M18,0L0,18&#039;\/%3E%3Cpath d=&#039;M48,0L30,18&#039;\/%3E%3Cpath d=&#039;M38,0L20,18&#039;\/%3E%3C\/g%3E%3C\/svg%3E&quot;);\">\n\t\t\t<span class=\"elementor-divider-separator\">\n\t\t\t\t\t\t<\/span>\n\t\t<\/div>\n\t\t\t\t<\/div>\n\t\t\t\t<\/div>\n\t\t\t\t\t<\/div>\n\t\t<\/div>\n\t\t\t\t\t\t\t<\/div>\n\t\t<\/section>\n\t\t\t\t\t\t<\/div>\n\t\t\t\t\t<\/div>\n\t\t","protected":false},"excerpt":{"rendered":"<p>M\u00e1y pha c\u00e0 ph\u00ea nh\u1eadp kh\u1ea9u Italia M\u00e1y pha c\u00e0 ph\u00ea Nuova Simonelli Simonelli l\u00e0 th\u01b0\u01a1ng hi\u1ec7u n\u1ed7i ti\u1ebfng c\u1ee7a \u00dd g\u1ed3m Simonelli Group v\u00e0 Victoria Arduino ra \u0111\u1eddi t\u1eeb n\u0103m 1905&#8230; Chi ti\u1ebft M\u00e1y pha c\u00e0 ph\u00ea Casadio Undici M\u00e1y pha c\u00e0 ph\u00ea Casadio l\u00e0 d\u00f2ng s\u1ea3n ph\u1ea9m c\u1ee7a th\u01b0\u01a1ng hi\u1ec7u n\u1ed7i ti\u1ebfng c\u1ee7a &hellip; <\/p>\n<p class=\"link-more\"><a href=\"https:\/\/tannguyenvn.com\/\" class=\"more-link\">Continue reading<span class=\"screen-reader-text\"> &#8220;C\u00c1C LO\u1ea0I M\u00c1Y PHA C\u00c0 PH\u00ca&#8221;<\/span><\/a><\/p>\n","protected":false},"author":1,"featured_media":0,"parent":0,"menu_order":0,"comment_status":"closed","ping_status":"closed","template":"","meta":{"om_disable_all_campaigns":false,"_monsterinsights_skip_tracking":false,"_monsterinsights_sitenote_active":false,"_monsterinsights_sitenote_note":"","_monsterinsights_sitenote_category":0},"_links":{"self":[{"href":"https:\/\/tannguyenvn.com\/index.php\/wp-json\/wp\/v2\/pages\/377"}],"collection":[{"href":"https:\/\/tannguyenvn.com\/index.php\/wp-json\/wp\/v2\/pages"}],"about":[{"href":"https:\/\/tannguyenvn.com\/index.php\/wp-json\/wp\/v2\/types\/page"}],"author":[{"embeddable":true,"href":"https:\/\/tannguyenvn.com\/index.php\/wp-json\/wp\/v2\/users\/1"}],"replies":[{"embeddable":true,"href":"https:\/\/tannguyenvn.com\/index.php\/wp-json\/wp\/v2\/comments?post=377"}],"version-history":[{"count":13,"href":"https:\/\/tannguyenvn.com\/index.php\/wp-json\/wp\/v2\/pages\/377\/revisions"}],"predecessor-version":[{"id":1205,"href":"https:\/\/tannguyenvn.com\/index.php\/wp-json\/wp\/v2\/pages\/377\/revisions\/1205"}],"wp:attachment":[{"href":"https:\/\/tannguyenvn.com\/index.php\/wp-json\/wp\/v2\/media?parent=377"}],"curies":[{"name":"wp","href":"https:\/\/api.w.org\/{rel}","templated":true}]}}